{"id":13,"date":"2021-06-01T11:09:21","date_gmt":"2021-06-01T09:09:21","guid":{"rendered":"http:\/\/www.vanlifeconcept.be\/?page_id=13"},"modified":"2023-01-19T14:36:08","modified_gmt":"2023-01-19T13:36:08","slug":"reservation","status":"publish","type":"page","link":"https:\/\/www.vanlifeconcept.be\/index.php\/reservation\/","title":{"rendered":"R\u00e9servation"},"content":{"rendered":"\n<div class=\"alignnormal\"><div id=\"metaslider-id-74\" style=\"width: 100%;\" class=\"ml-slider-3-20-3 metaslider metaslider-flex metaslider-74 ml-slider ml-slider-lightbox-1-12-0 lightbox-disabled nav-hidden\">\n    <div id=\"metaslider_container_74\">\n        <div id=\"metaslider_74\">\n            <ul aria-live=\"polite\" class=\"slides\">\n                <li style=\"display: block; width: 100%;\" class=\"slide-291 ms-image\"><img src=\"https:\/\/www.vanlifeconcept.be\/wp-content\/uploads\/2021\/06\/tarifs_003-1800x300.jpg\" height=\"300\" width=\"1800\" alt=\"\" class=\"slider-74 slide-291\" title=\"tarifs_003\" \/><\/li>\n            <\/ul>\n        <\/div>\n        \n    <\/div>\n<\/div><\/div>\n\n\n\n<p><\/p>\n\n\n\n<p class=\"has-text-align-center has-black-color has-text-color\" style=\"font-size:40px\"><strong>RESERVATION<\/strong><\/p>\n\n\n\n<div class=\"wp-block-columns\">\n<div class=\"wp-block-column\" style=\"flex-basis:15%\"><\/div>\n\n\n\n<div class=\"wp-block-column\" style=\"flex-basis:70%\">\n<div class=\"wp-block-columns\">\n<div class=\"wp-block-column\">\n<div class=\"wp-block-image\"><figure class=\"alignleft size-large is-resized\"><img loading=\"lazy\" src=\"http:\/\/www.vanlifeconcept.be\/wp-content\/uploads\/2021\/06\/green.jpg\" alt=\"\" class=\"wp-image-135\" width=\"40\" height=\"40\"\/><\/figure><\/div>\n\n\n\n<p>Veuillez nous contacter via email pour v\u00e9rifier nos disponibilit\u00e9s<\/p>\n\n\n\n<div class=\"wp-block-image\"><figure class=\"alignleft size-large\"><img loading=\"lazy\" width=\"40\" height=\"40\" src=\"http:\/\/www.vanlifeconcept.be\/wp-content\/uploads\/2021\/06\/red.jpg\" alt=\"\" class=\"wp-image-140\"\/><\/figure><\/div>\n\n\n\n<hr class=\"wp-block-separator\"\/>\n\n\n\n<p class=\"has-medium-font-size\"><strong>OPTIONS :<\/strong><\/p>\n\n\n\n<p class=\"has-text-color\" style=\"color:#907971;font-size:17px\"><strong>Nettoyage int\u00e9rieur-ext\u00e9rieur 55\u20ac\/s\u00e9jours (obligatoire)<br>WC portable et produits WC 35\u20ac\/<strong>s\u00e9<\/strong>jours<\/strong><br><strong>Table et chaises d\u2019ext\u00e9rieur 10\u20ac\/s\u00e9jours<br>Tente ext\u00e9rieure (WC et douche) 10\u20ac\/s\u00e9jours<br>Porte v\u00e9los 45\u20ac\/s\u00e9jours<\/strong><br><strong>Barbecue 25\u20ac\/s\u00e9jours<br>Four Omnia 25\u20ac\/s\u00e9jours<\/strong><\/p>\n\n\n\n<p class=\"has-black-color has-text-color\" style=\"font-size:25px\"><strong><a href=\"http:\/\/www.vanlifeconcept.be\/index.php\/conditions-de-reservation\/\">Acc\u00e9der ici aux conditions g\u00e9n\u00e9rales de r\u00e9servation.<\/a><\/strong><\/p>\n<\/div>\n\n\n\n<div class=\"wp-block-column\"><div role=\"form\" class=\"wpcf7\" id=\"wpcf7-f124-o1\" lang=\"fr-FR\" dir=\"ltr\">\n<div class=\"screen-reader-response\"><p role=\"status\" aria-live=\"polite\" aria-atomic=\"true\"><\/p> <ul><\/ul><\/div>\n<form action=\"\/index.php\/wp-json\/wp\/v2\/pages\/13#wpcf7-f124-o1\" method=\"post\" class=\"wpcf7-form init\" novalidate=\"novalidate\" data-status=\"init\">\n<div style=\"display: none;\">\n<input type=\"hidden\" name=\"_wpcf7\" value=\"124\" \/>\n<input type=\"hidden\" name=\"_wpcf7_version\" value=\"5.4.1\" \/>\n<input type=\"hidden\" name=\"_wpcf7_locale\" value=\"fr_FR\" \/>\n<input type=\"hidden\" name=\"_wpcf7_unit_tag\" value=\"wpcf7-f124-o1\" \/>\n<input type=\"hidden\" name=\"_wpcf7_container_post\" value=\"0\" \/>\n<input type=\"hidden\" name=\"_wpcf7_posted_data_hash\" value=\"\" \/>\n<\/div>\n<p><label> Nom <span class=\"wpcf7-form-control-wrap your-name\"><input type=\"text\" name=\"your-name\" value=\"\" size=\"40\" class=\"wpcf7-form-control wpcf7-text wpcf7-validates-as-required\" aria-required=\"true\" aria-invalid=\"false\" \/><\/span> <\/label><\/p>\n<p><label> Pr\u00e9nom<span class=\"wpcf7-form-control-wrap text-prenom\"><input type=\"text\" name=\"text-prenom\" value=\"\" size=\"40\" class=\"wpcf7-form-control wpcf7-text wpcf7-validates-as-required\" aria-required=\"true\" aria-invalid=\"false\" \/><\/span><\/label><\/p>\n<p><label>T\u00e9l\u00e9phone<span class=\"wpcf7-form-control-wrap Tel\"><input type=\"text\" name=\"Tel\" value=\"\" size=\"40\" class=\"wpcf7-form-control wpcf7-text\" aria-invalid=\"false\" \/><\/span><\/label><\/p>\n<p><label> Votre e-mail<span class=\"wpcf7-form-control-wrap your-email\"><input type=\"email\" name=\"your-email\" value=\"\" size=\"40\" class=\"wpcf7-form-control wpcf7-text wpcf7-email wpcf7-validates-as-required wpcf7-validates-as-email\" aria-required=\"true\" aria-invalid=\"false\" \/><\/span> <\/label><\/p>\n<p><label> D\u00e9part <span class=\"wpcf7-form-control-wrap Depart\"><input type=\"date\" name=\"Depart\" value=\"\" class=\"wpcf7-form-control wpcf7-date wpcf7-validates-as-date\" aria-invalid=\"false\" placeholder=\"D\u00e9part\" \/><\/span> <\/label><\/p>\n<p><label> Retour<span class=\"wpcf7-form-control-wrap Retour\"><input type=\"date\" name=\"Retour\" value=\"retour\" class=\"wpcf7-form-control wpcf7-date wpcf7-validates-as-date\" aria-invalid=\"false\" \/><\/span> <\/label><\/p>\n<p><label> Options<span class=\"wpcf7-form-control-wrap Options\"><span class=\"wpcf7-form-control wpcf7-checkbox\"><span class=\"wpcf7-list-item first\"><label><input type=\"checkbox\" name=\"Options[]\" value=\"Nettoyage int\u00e9rieur-ext\u00e9rieur\" \/><span class=\"wpcf7-list-item-label\">Nettoyage int\u00e9rieur-ext\u00e9rieur<\/span><\/label><\/span><span class=\"wpcf7-list-item\"><label><input type=\"checkbox\" name=\"Options[]\" value=\"WC portable et produits WC\" \/><span class=\"wpcf7-list-item-label\">WC portable et produits WC<\/span><\/label><\/span><span class=\"wpcf7-list-item\"><label><input type=\"checkbox\" name=\"Options[]\" value=\"Tente ext\u00e9rieure\" \/><span class=\"wpcf7-list-item-label\">Tente ext\u00e9rieure<\/span><\/label><\/span><span class=\"wpcf7-list-item\"><label><input type=\"checkbox\" name=\"Options[]\" value=\"Table et chaises d\u2019ext\u00e9rieur\" \/><span class=\"wpcf7-list-item-label\">Table et chaises d\u2019ext\u00e9rieur<\/span><\/label><\/span><span class=\"wpcf7-list-item\"><label><input type=\"checkbox\" name=\"Options[]\" value=\"Porte v\u00e9los\" \/><span class=\"wpcf7-list-item-label\">Porte v\u00e9los<\/span><\/label><\/span><span class=\"wpcf7-list-item\"><label><input type=\"checkbox\" name=\"Options[]\" value=\"Barbecue\" \/><span class=\"wpcf7-list-item-label\">Barbecue<\/span><\/label><\/span><span class=\"wpcf7-list-item last\"><label><input type=\"checkbox\" name=\"Options[]\" value=\"Trottinette \u00e9lectrique\" \/><span class=\"wpcf7-list-item-label\">Trottinette \u00e9lectrique<\/span><\/label><\/span><\/span><\/span><\/label><\/p>\n<p><label> Message<span class=\"wpcf7-form-control-wrap Message\"><textarea name=\"Message\" cols=\"40\" rows=\"10\" class=\"wpcf7-form-control wpcf7-textarea\" aria-invalid=\"false\"><\/textarea><\/span><\/label><\/p>\n<p><span class=\"wpcf7-form-control-wrap acceptance-417\"><span class=\"wpcf7-form-control wpcf7-acceptance\"><span class=\"wpcf7-list-item\"><label><input type=\"checkbox\" name=\"acceptance-417\" value=\"1\" aria-invalid=\"false\" \/><span class=\"wpcf7-list-item-label\">J\u2019ai lu et accepte les conditions de r\u00e9servation<\/span><\/label><\/span><\/span><\/span><\/p>\n<p><input type=\"submit\" value=\"RESERVER\" class=\"wpcf7-form-control wpcf7-submit\" \/><\/p>\n<div class=\"wpcf7-response-output\" aria-hidden=\"true\"><\/div><\/form><\/div>\n<\/div>\n<\/div>\n\n\n\n<p><\/p>\n<\/div>\n\n\n\n<div class=\"wp-block-column\" style=\"flex-basis:15%\"><\/div>\n<\/div>\n\n\n\n<div class=\"wp-block-columns has-background\" style=\"background-color:#907971\">\n<div class=\"wp-block-column\" style=\"flex-basis:15%\"><\/div>\n\n\n\n<div class=\"wp-block-column\" style=\"flex-basis:70%\">\n<div class=\"wp-block-columns\">\n<div class=\"wp-block-column\" style=\"flex-basis:33%\">\n<figure class=\"wp-block-image size-large is-resized\"><img loading=\"lazy\" src=\"http:\/\/www.vanlifeconcept.be\/wp-content\/uploads\/2021\/06\/VANLIFE-CONCEPT_FINAL-blanc.png\" alt=\"\" class=\"wp-image-166\" width=\"206\" height=\"171\" srcset=\"https:\/\/www.vanlifeconcept.be\/wp-content\/uploads\/2021\/06\/VANLIFE-CONCEPT_FINAL-blanc.png 661w, https:\/\/www.vanlifeconcept.be\/wp-content\/uploads\/2021\/06\/VANLIFE-CONCEPT_FINAL-blanc-300x249.png 300w\" sizes=\"(max-width: 206px) 100vw, 206px\" \/><\/figure>\n<\/div>\n\n\n\n<div class=\"wp-block-column\" style=\"flex-basis:33%\">\n<p class=\"has-white-color has-text-color\" style=\"font-size:25px\"><strong>A PROPOS DE NOUS<\/strong><\/p>\n\n\n\n<p class=\"has-white-color has-text-color\"><strong>Voyager, s&rsquo;\u00e9vader en toute libert\u00e9 avec VanLife-Concept <\/strong><\/p>\n<\/div>\n\n\n\n<div class=\"wp-block-column\" style=\"flex-basis:33%\">\n<p class=\"has-white-color has-text-color\" style=\"font-size:25px\"><strong>CONTACT<\/strong><\/p>\n\n\n\n<p class=\"has-white-color has-text-color\"><strong>+32497\/21.33.73<br><a href=\"mailto:info@vanlifeconcept.be\">info@vanlifeconcept.be<\/a><br>Grand-Moulin 240, 6890 Libin<\/strong><\/p>\n\n\n\n<a href=\"https:\/\/www.facebook.com\/Vanlife-concept-101721725455022\" target=\"_blank\" rel=\"noopener noreferrer\"><span style=\"font-size: 2em; color: #ffffff;\"<i class=\"fab fa-facebook\"><\/i><\/span><\/a>   <a href=\"https:\/\/www.instagram.com\/vanlife.concept\/\" target=\"_blank\" rel=\"noopener noreferrer\"><span style=\"font-size: 2em; color: #ffffff;\"<i class=\"fab fa-instagram-square\"><\/i><\/span><\/a>\n\n\n\n<p><\/p>\n<\/div>\n<\/div>\n<\/div>\n\n\n\n<div class=\"wp-block-column\" style=\"flex-basis:15%\"><\/div>\n<\/div>\n","protected":false},"excerpt":{"rendered":"<p>RESERVATION<\/p>\n","protected":false},"author":1,"featured_media":0,"parent":0,"menu_order":0,"comment_status":"closed","ping_status":"closed","template":"","meta":{"ngg_post_thumbnail":0},"yoast_head":"<!-- This site is optimized with the Yoast SEO plugin v16.4 - https:\/\/yoast.com\/wordpress\/plugins\/seo\/ -->\n<title>R\u00e9servation - Vanlife-Concept<\/title>\n<meta name=\"robots\" content=\"index, follow, max-snippet:-1, max-image-preview:large, max-video-preview:-1\" \/>\n<link rel=\"canonical\" href=\"https:\/\/www.vanlifeconcept.be\/index.php\/reservation\/\" \/>\n<meta property=\"og:locale\" content=\"fr_FR\" \/>\n<meta property=\"og:type\" content=\"article\" \/>\n<meta property=\"og:title\" content=\"R\u00e9servation - Vanlife-Concept\" \/>\n<meta property=\"og:description\" content=\"RESERVATION\" \/>\n<meta property=\"og:url\" content=\"https:\/\/www.vanlifeconcept.be\/index.php\/reservation\/\" \/>\n<meta property=\"og:site_name\" content=\"Vanlife-Concept\" \/>\n<meta property=\"article:modified_time\" content=\"2023-01-19T13:36:08+00:00\" \/>\n<meta property=\"og:image\" content=\"http:\/\/www.vanlifeconcept.be\/wp-content\/uploads\/2021\/06\/green.jpg\" \/>\n<meta name=\"twitter:card\" content=\"summary_large_image\" \/>\n<meta name=\"twitter:label1\" content=\"Dur\u00e9e de lecture est.\" \/>\n\t<meta name=\"twitter:data1\" content=\"1 minute\" \/>\n<script type=\"application\/ld+json\" class=\"yoast-schema-graph\">{\"@context\":\"https:\/\/schema.org\",\"@graph\":[{\"@type\":\"Organization\",\"@id\":\"https:\/\/www.vanlifeconcept.be\/#organization\",\"name\":\"VanLife-Concept\",\"url\":\"https:\/\/www.vanlifeconcept.be\/\",\"sameAs\":[],\"logo\":{\"@type\":\"ImageObject\",\"@id\":\"https:\/\/www.vanlifeconcept.be\/#logo\",\"inLanguage\":\"fr-FR\",\"url\":\"http:\/\/www.vanlifeconcept.be\/wp-content\/uploads\/2021\/06\/ICON_SITE.jpg\",\"contentUrl\":\"http:\/\/www.vanlifeconcept.be\/wp-content\/uploads\/2021\/06\/ICON_SITE.jpg\",\"width\":512,\"height\":425,\"caption\":\"VanLife-Concept\"},\"image\":{\"@id\":\"https:\/\/www.vanlifeconcept.be\/#logo\"}},{\"@type\":\"WebSite\",\"@id\":\"https:\/\/www.vanlifeconcept.be\/#website\",\"url\":\"https:\/\/www.vanlifeconcept.be\/\",\"name\":\"Vanlife-Concept\",\"description\":\"VOYAGER, S\\u2019EVADER EN TOUTE LIBERTE AVEC VANLIFE-CONCEPT\",\"publisher\":{\"@id\":\"https:\/\/www.vanlifeconcept.be\/#organization\"},\"potentialAction\":[{\"@type\":\"SearchAction\",\"target\":\"https:\/\/www.vanlifeconcept.be\/?s={search_term_string}\",\"query-input\":\"required name=search_term_string\"}],\"inLanguage\":\"fr-FR\"},{\"@type\":\"ImageObject\",\"@id\":\"https:\/\/www.vanlifeconcept.be\/index.php\/reservation\/#primaryimage\",\"inLanguage\":\"fr-FR\",\"url\":\"http:\/\/www.vanlifeconcept.be\/wp-content\/uploads\/2021\/06\/green.jpg\",\"contentUrl\":\"http:\/\/www.vanlifeconcept.be\/wp-content\/uploads\/2021\/06\/green.jpg\"},{\"@type\":\"WebPage\",\"@id\":\"https:\/\/www.vanlifeconcept.be\/index.php\/reservation\/#webpage\",\"url\":\"https:\/\/www.vanlifeconcept.be\/index.php\/reservation\/\",\"name\":\"R\\u00e9servation - Vanlife-Concept\",\"isPartOf\":{\"@id\":\"https:\/\/www.vanlifeconcept.be\/#website\"},\"primaryImageOfPage\":{\"@id\":\"https:\/\/www.vanlifeconcept.be\/index.php\/reservation\/#primaryimage\"},\"datePublished\":\"2021-06-01T09:09:21+00:00\",\"dateModified\":\"2023-01-19T13:36:08+00:00\",\"breadcrumb\":{\"@id\":\"https:\/\/www.vanlifeconcept.be\/index.php\/reservation\/#breadcrumb\"},\"inLanguage\":\"fr-FR\",\"potentialAction\":[{\"@type\":\"ReadAction\",\"target\":[\"https:\/\/www.vanlifeconcept.be\/index.php\/reservation\/\"]}]},{\"@type\":\"BreadcrumbList\",\"@id\":\"https:\/\/www.vanlifeconcept.be\/index.php\/reservation\/#breadcrumb\",\"itemListElement\":[{\"@type\":\"ListItem\",\"position\":1,\"item\":{\"@type\":\"WebPage\",\"@id\":\"https:\/\/www.vanlifeconcept.be\/\",\"url\":\"https:\/\/www.vanlifeconcept.be\/\",\"name\":\"Accueil\"}},{\"@type\":\"ListItem\",\"position\":2,\"item\":{\"@id\":\"https:\/\/www.vanlifeconcept.be\/index.php\/reservation\/#webpage\"}}]}]}<\/script>\n<!-- \/ Yoast SEO plugin. -->","_links":{"self":[{"href":"https:\/\/www.vanlifeconcept.be\/index.php\/wp-json\/wp\/v2\/pages\/13"}],"collection":[{"href":"https:\/\/www.vanlifeconcept.be\/index.php\/wp-json\/wp\/v2\/pages"}],"about":[{"href":"https:\/\/www.vanlifeconcept.be\/index.php\/wp-json\/wp\/v2\/types\/page"}],"author":[{"embeddable":true,"href":"https:\/\/www.vanlifeconcept.be\/index.php\/wp-json\/wp\/v2\/users\/1"}],"replies":[{"embeddable":true,"href":"https:\/\/www.vanlifeconcept.be\/index.php\/wp-json\/wp\/v2\/comments?post=13"}],"version-history":[{"count":38,"href":"https:\/\/www.vanlifeconcept.be\/index.php\/wp-json\/wp\/v2\/pages\/13\/revisions"}],"predecessor-version":[{"id":512,"href":"https:\/\/www.vanlifeconcept.be\/index.php\/wp-json\/wp\/v2\/pages\/13\/revisions\/512"}],"wp:attachment":[{"href":"https:\/\/www.vanlifeconcept.be\/index.php\/wp-json\/wp\/v2\/media?parent=13"}],"curies":[{"name":"wp","href":"https:\/\/api.w.org\/{rel}","templated":true}]}}